{"id":41,"date":"2020-05-05T19:03:06","date_gmt":"2020-05-05T17:03:06","guid":{"rendered":"https:\/\/schulen-kl.de\/b%c3%a4nnjerr%c3%bcck\/?page_id=41"},"modified":"2026-02-10T07:15:54","modified_gmt":"2026-02-10T06:15:54","slug":"termine","status":"publish","type":"page","link":"https:\/\/schulen-kl.de\/b%c3%a4nnjerr%c3%bcck\/termine\/","title":{"rendered":"Termine"},"content":{"rendered":"\n<p>Veranstaltungen und Termine des Schuljahres 2025 \/ 2026.<\/p>\n\n\n\n<h2 class=\"wp-block-heading\">Oktober<\/h2>\n\n\n\n<ul class=\"wp-block-list eventliste listWithPadding noMargin\">\n<li>Dienstag, 07. Oktober 2025 Fu\u00dfg\u00e4ngerausbildung f\u00fcr die 1. Klasse<\/li>\n\n\n\n<li>Donnerstag, 09. Oktober 2025 Busschule f\u00fcr die 1. Klasse<\/li>\n\n\n\n<li>Freitag, 10. Oktober 2025<br><strong>Wandertag <\/strong><\/li>\n\n\n\n<li>Montag, 13. Oktober bis Freitag, 24. Oktober 2025<br><strong>Herbstferien<\/strong><\/li>\n\n\n\n<li>Mittwoch, 29. Oktober 2025<br><strong>Jugendverkehrsschule Klasse 4 (Pr\u00fcfung)<\/strong><\/li>\n<\/ul>\n\n\n\n<h2 class=\"wp-block-heading\">Dezember<\/h2>\n\n\n\n<ul class=\"wp-block-list eventliste listWithPadding noMargin\">\n<li>Samstag, 13. Dezember 2025 Adventscaf\u00e9 (Schulveranstaltung -&gt; Die Teilnahme ist f\u00fcr unsere Sch\u00fcler\/innen verpflichtend!)<\/li>\n\n\n\n<li>Mittwoch, 17.12.2025 Theaterbesuch im Pfalztheater mit dem St\u00fcck &#8222;Peter Pan&#8220;<\/li>\n\n\n\n<li>Montag, 22. Dezember 2025 bis Mittwoch, 07. Januar 2026<br><strong>Weihnachtsferien<\/strong><\/li>\n<\/ul>\n\n\n\n<h2 class=\"wp-block-heading\">Januar<\/h2>\n\n\n\n<ul class=\"wp-block-list eventliste listWithPadding noMargin\">\n<li>Dienstag, 27. Januar 2026<br><strong>Projekt &#8222;Starke Kinder&#8220;<\/strong><\/li>\n\n\n\n<li>Freitag, 30. Januar 2026<br><strong>Ausgabe Halbjahreszeugnisse<\/strong><\/li>\n<\/ul>\n\n\n\n<p><\/p>\n\n\n\n<p><\/p>\n\n\n\n<h2 class=\"wp-block-heading\">Februar<\/h2>\n\n\n\n<ul class=\"wp-block-list\">\n<li>14.02.2026   Besuch des Fu\u00dfballspiels 1.FCK &#8211; Greuther F\u00fcrth ( Klasse 3 +4 )<\/li>\n\n\n\n<li>20.02.2026   Ausgleichstag f\u00fcr Adventscaf\u00e9 -&gt; <strong>unterrichtsfrei<\/strong><\/li>\n\n\n\n<li>23.02.2026   Schuleinschreibung der neuen Erstkl\u00e4ssler<\/li>\n<\/ul>\n\n\n\n<h2 class=\"wp-block-heading\">M\u00e4rz<\/h2>\n\n\n\n<ul class=\"wp-block-list\">\n<li>25.03.2026 Studientag im Kollegium -&gt; An diesem Tag findet kein Unterricht statt.<\/li>\n\n\n\n<li>30.03.2026 &#8211; 10.04.2026  Osterferien<\/li>\n<\/ul>\n\n\n\n<p><\/p>\n\n\n\n<h2 class=\"wp-block-heading\">April<\/h2>\n\n\n\n<p><\/p>\n\n\n\n<p><\/p>\n\n\n\n<h2 class=\"wp-block-heading\">Mai<\/h2>\n\n\n\n<p>      15.05.26 beweglicher Ferientag &#8211; unterrichtsfrei ( Freitag nach Christi Himmelfahrt )<\/p>\n\n\n\n<p><\/p>\n\n\n\n<p><\/p>\n\n\n\n<h2 class=\"wp-block-heading\">Juni<\/h2>\n\n\n\n<ul class=\"wp-block-list\">\n<li>05.06.2026   beweglicher Ferientag &#8211; unterrichtsfrei ( Freitag nach Fronleichnam )<\/li>\n\n\n\n<li>19.06.2026   Besuch der Freilichtb\u00fchne in Katzweiler<strong> :<\/strong> &#8222;Die Schule der magischen Tiere&#8220;<\/li>\n\n\n\n<li>26.06.2026   Beginn der Sommerferien mit Zeugnisausgabe<\/li>\n<\/ul>\n\n\n\n<p><\/p>\n\n\n\n<h2 class=\"wp-block-heading\">Juli<\/h2>\n\n\n\n<p><\/p>\n\n\n\n<p><\/p>\n\n\n\n<p><\/p>\n","protected":false},"excerpt":{"rendered":"<p>Veranstaltungen und Termine des Schuljahres 2025 \/ 2026. Oktober Dezember Januar Februar M\u00e4rz April Mai 15.05.26 beweglicher Ferientag &#8211; unterrichtsfrei &hellip; <\/p>\n","protected":false},"author":1,"featured_media":0,"parent":0,"menu_order":0,"comment_status":"closed","ping_status":"closed","template":"","meta":{"footnotes":""},"class_list":["post-41","page","type-page","status-publish","hentry"],"_links":{"self":[{"href":"https:\/\/schulen-kl.de\/b%c3%a4nnjerr%c3%bcck\/wp-json\/wp\/v2\/pages\/41","targetHints":{"allow":["GET"]}}],"collection":[{"href":"https:\/\/schulen-kl.de\/b%c3%a4nnjerr%c3%bcck\/wp-json\/wp\/v2\/pages"}],"about":[{"href":"https:\/\/schulen-kl.de\/b%c3%a4nnjerr%c3%bcck\/wp-json\/wp\/v2\/types\/page"}],"author":[{"embeddable":true,"href":"https:\/\/schulen-kl.de\/b%c3%a4nnjerr%c3%bcck\/wp-json\/wp\/v2\/users\/1"}],"replies":[{"embeddable":true,"href":"https:\/\/schulen-kl.de\/b%c3%a4nnjerr%c3%bcck\/wp-json\/wp\/v2\/comments?post=41"}],"version-history":[{"count":75,"href":"https:\/\/schulen-kl.de\/b%c3%a4nnjerr%c3%bcck\/wp-json\/wp\/v2\/pages\/41\/revisions"}],"predecessor-version":[{"id":911,"href":"https:\/\/schulen-kl.de\/b%c3%a4nnjerr%c3%bcck\/wp-json\/wp\/v2\/pages\/41\/revisions\/911"}],"wp:attachment":[{"href":"https:\/\/schulen-kl.de\/b%c3%a4nnjerr%c3%bcck\/wp-json\/wp\/v2\/media?parent=41"}],"curies":[{"name":"wp","href":"https:\/\/api.w.org\/{rel}","templated":true}]}}