{"id":27,"date":"2020-05-05T18:56:53","date_gmt":"2020-05-05T16:56:53","guid":{"rendered":"https:\/\/schulen-kl.de\/b%c3%a4nnjerr%c3%bcck\/?page_id=27"},"modified":"2025-09-23T10:16:05","modified_gmt":"2025-09-23T08:16:05","slug":"unterrichtszeiten","status":"publish","type":"page","link":"https:\/\/schulen-kl.de\/b%c3%a4nnjerr%c3%bcck\/unterrichtszeiten\/","title":{"rendered":"Unterrichtszeiten"},"content":{"rendered":"\n<figure class=\"wp-block-table\"><table class=\"has-fixed-layout\"><thead><tr><th>Von<\/th><th>Bis<\/th><th><\/th><th>Anmerkung<\/th><\/tr><\/thead><tbody><tr><td>07:35 Uhr<\/td><td>07:50 Uhr<\/td><td>Fr\u00fchaufsicht auf dem Schulhof<\/td><td><\/td><\/tr><tr><td>07:50 Uhr<\/td><td>08:00 Uhr<\/td><td>Offener Anfang<\/td><td>Die Lehrkraft ist ab 07:50 Uhr im Klassensaal<\/td><\/tr><tr><td>08:00 Uhr<\/td><td>08:45 Uhr<\/td><td>1. Stunde<\/td><td><\/td><\/tr><tr><td>08:45 Uhr<\/td><td>09:30 Uhr<\/td><td>2. Stunde<\/td><td><\/td><\/tr><tr><td>09:30 Uhr<\/td><td>09:45 Uhr<\/td><td><\/td><td>Fr\u00fchst\u00fcckspause<\/td><\/tr><tr><td>09:45 Uhr<\/td><td>10:05 Uhr<\/td><td><\/td><td>Hofpause<\/td><\/tr><tr><td>10:05 Uhr<\/td><td>10:55 Uhr<\/td><td>3. Stunde<\/td><td><\/td><\/tr><tr><td>10:55 Uhr<\/td><td>11:10 Uhr<\/td><td><\/td><td>Hofpause<\/td><\/tr><tr><td>11:10 Uhr<\/td><td>12:00 Uhr<\/td><td>4. Stunde<\/td><td>Ende des Unterrichts f\u00fcr die 1. und 2. Klasse<br>(Achtung: Die 2. Klasse hat montags und mittwochs immer 5 Stunden)<\/td><\/tr><tr><td>12:00 Uhr<\/td><td>12:10 Uhr<\/td><td><\/td><td>Hofpause<\/td><\/tr><tr><td>12:10 Uhr<\/td><td>13:00 Uhr<\/td><td>5. Stunde<\/td><td>Ende des Unterrichts<\/td><\/tr><\/tbody><\/table><\/figure>\n\n\n\n<p>Zur Sicherheit der Kinder schlie\u00dfen wir das Schulhaus ab. Wer zu sp\u00e4t kommt, muss klingeln und st\u00f6rt den Unterricht. Bitte achten Sie darauf, dass ihre Kinder p\u00fcnktlich sind!!<\/p>\n\n\n\n<div style=\"height:45px\" aria-hidden=\"true\" class=\"wp-block-spacer\"><\/div>\n\n\n\n<h2 class=\"wp-block-heading\">Abmeldung vom Unterricht<\/h2>\n\n\n\n<p>Bitte melden Sie Ihr Kind bis sp\u00e4testens 7.30 Uhr ab. <br>Sie k\u00f6nnen die Abmeldung \u00fcber folgende Wege der Schule mitteilen:<\/p>\n\n\n\n<ul class=\"wp-block-list noMargin\">\n<li>Telefonisch unter <span class=\"wp-rich-text-font-awesome-icon wp-font-awesome-icon\" data-transform=\"{}\"><svg aria-hidden=\"true\" focusable=\"false\" data-prefix=\"fas\" data-icon=\"phone\" class=\"svg-inline--fa fa-phone \" role=\"img\" xmlns=\"http:\/\/www.w3.org\/2000\/svg\" viewBox=\"0 0 512 512\" style=\"font-size:.8em\"><path fill=\"currentColor\" d=\"M164.9 24.6c-7.7-18.6-28-28.5-47.4-23.2l-88 24C12.1 30.2 0 46 0 64C0 311.4 200.6 512 448 512c18 0 33.8-12.1 38.6-29.5l24-88c5.3-19.4-4.6-39.7-23.2-47.4l-96-40c-16.3-6.8-35.2-2.1-46.3 11.6L304.7 368C234.3 334.7 177.3 277.7 144 207.3L193.3 167c13.7-11.2 18.4-30 11.6-46.3l-40-96z\"><\/path><\/svg><\/span> <a href=\"tel:+496313654930\">0631 \u2013 365 4930<\/a> oder<\/li>\n\n\n\n<li>\u00fcber die Sdui-App<\/li>\n<\/ul>\n\n\n\n<p><\/p>\n\n\n\n<div style=\"height:45px\" aria-hidden=\"true\" class=\"wp-block-spacer\"><\/div>\n","protected":false},"excerpt":{"rendered":"<p>Von Bis Anmerkung 07:35 Uhr 07:50 Uhr Fr\u00fchaufsicht auf dem Schulhof 07:50 Uhr 08:00 Uhr Offener Anfang Die Lehrkraft ist &hellip; <\/p>\n","protected":false},"author":1,"featured_media":0,"parent":0,"menu_order":0,"comment_status":"closed","ping_status":"closed","template":"","meta":{"footnotes":""},"class_list":["post-27","page","type-page","status-publish","hentry"],"_links":{"self":[{"href":"https:\/\/schulen-kl.de\/b%c3%a4nnjerr%c3%bcck\/wp-json\/wp\/v2\/pages\/27","targetHints":{"allow":["GET"]}}],"collection":[{"href":"https:\/\/schulen-kl.de\/b%c3%a4nnjerr%c3%bcck\/wp-json\/wp\/v2\/pages"}],"about":[{"href":"https:\/\/schulen-kl.de\/b%c3%a4nnjerr%c3%bcck\/wp-json\/wp\/v2\/types\/page"}],"author":[{"embeddable":true,"href":"https:\/\/schulen-kl.de\/b%c3%a4nnjerr%c3%bcck\/wp-json\/wp\/v2\/users\/1"}],"replies":[{"embeddable":true,"href":"https:\/\/schulen-kl.de\/b%c3%a4nnjerr%c3%bcck\/wp-json\/wp\/v2\/comments?post=27"}],"version-history":[{"count":36,"href":"https:\/\/schulen-kl.de\/b%c3%a4nnjerr%c3%bcck\/wp-json\/wp\/v2\/pages\/27\/revisions"}],"predecessor-version":[{"id":889,"href":"https:\/\/schulen-kl.de\/b%c3%a4nnjerr%c3%bcck\/wp-json\/wp\/v2\/pages\/27\/revisions\/889"}],"wp:attachment":[{"href":"https:\/\/schulen-kl.de\/b%c3%a4nnjerr%c3%bcck\/wp-json\/wp\/v2\/media?parent=27"}],"curies":[{"name":"wp","href":"https:\/\/api.w.org\/{rel}","templated":true}]}}