{"id":25,"date":"2020-05-05T18:56:38","date_gmt":"2020-05-05T16:56:38","guid":{"rendered":"https:\/\/schulen-kl.de\/b%c3%a4nnjerr%c3%bcck\/?page_id=25"},"modified":"2025-08-27T00:21:17","modified_gmt":"2025-08-26T22:21:17","slug":"schulleitung-kollegium","status":"publish","type":"page","link":"https:\/\/schulen-kl.de\/b%c3%a4nnjerr%c3%bcck\/schulleitung-kollegium\/","title":{"rendered":"Schulleitung \/ Kollegium"},"content":{"rendered":"\n<p><strong>Frau Sch\u00f6ne ist seit dem 01.02.2025, Schulleiterin an der B\u00e4nnjerr\u00fcck Grundschule in Kaiserslautern.<\/strong> <strong>Gespr\u00e4che erfolgen nur mit Voranmeldung!<\/strong><\/p>\n\n\n\n<hr class=\"wp-block-separator has-alpha-channel-opacity\"\/>\n\n\n\n<p><strong><em>Kollegium<\/em><\/strong><\/p>\n\n\n\n<p>Unser Kollegium setzt sich aus engagierten, erfahrenen, jungen und jung gebliebenen Lehrerinnen, die \u00fcber vielf\u00e4ltige Qualifikationen verf\u00fcgen, zusammen.<\/p>\n\n\n\n<p><strong>Klasse 1 wird von Frau Frambach geleitet<\/strong><br><strong>Klasse 2 wird von Frau Sarpong geleitet<\/strong><br><strong>Klasse 3 wird von Frau Bernhard geleitet<\/strong><br><strong>Klasse 4 wird von Frau Weniton-Hessinger geleitet<\/strong><\/p>\n\n\n\n<p>Zus\u00e4tzlich wird das Kollegium von Herrn Puhlmann (Referendar) unterst\u00fctzt.<\/p>\n\n\n\n<p>Selbstverst\u00e4ndlich ist f\u00fcr uns die Wahrnehmung von Fortbildungsangeboten zu allen relevanten Themen des Schullebens wichtig.<\/p>\n\n\n\n<p>Jede Lehrkraft bietet Sprechzeiten zu vorher vereinbarten Terminen an. Bitte nehmen Sie mit dem entsprechenden Klassenlehrer&nbsp;Kontakt auf, wenn Gespr\u00e4chsbedarf besteht!<\/p>\n\n\n\n<hr class=\"wp-block-separator has-alpha-channel-opacity\"\/>\n\n\n\n<p><strong><em>Sekretariat<\/em><\/strong><\/p>\n\n\n\n<p><strong>Die Schulsekret\u00e4rin Frau Heidrich ist montags vormittags von 08:00 Uhr bis 12:30 Uhr im Sekretariat telefonisch erreichbar.<\/strong><\/p>\n\n\n\n<div style=\"height:45px\" aria-hidden=\"true\" class=\"wp-block-spacer\"><\/div>\n\n\n\n<div class=\"wp-block-columns nobottom nogap-xs is-layout-flex wp-container-core-columns-is-layout-1 wp-block-columns-is-layout-flex\">\n<div class=\"wp-block-column is-layout-flow wp-block-column-is-layout-flow\">\n<p class=\"contactcard\"><strong>Frau Sch\u00f6ne<\/strong><br>Sprechzeiten: <br>Montag 13:00 &#8211; 14:00 Uhr<br><span class=\"wp-rich-text-font-awesome-icon wp-font-awesome-icon\"><svg aria-hidden=\"true\" focusable=\"false\" data-prefix=\"fas\" data-icon=\"envelope\" class=\"svg-inline--fa fa-envelope \" role=\"img\" xmlns=\"http:\/\/www.w3.org\/2000\/svg\" viewBox=\"0 0 512 512\"><path fill=\"currentColor\" d=\"M48 64C21.5 64 0 85.5 0 112c0 15.1 7.1 29.3 19.2 38.4L236.8 313.6c11.4 8.5 27 8.5 38.4 0L492.8 150.4c12.1-9.1 19.2-23.3 19.2-38.4c0-26.5-21.5-48-48-48L48 64zM0 176L0 384c0 35.3 28.7 64 64 64l384 0c35.3 0 64-28.7 64-64l0-208L294.4 339.2c-22.8 17.1-54 17.1-76.8 0L0 176z\"><\/path><\/svg><\/span> <a href=\"mailto:s.schoene@gsbaenn.bildung-rp.de\">E-Mail<\/a><\/p>\n<\/div>\n\n\n\n<div class=\"wp-block-column is-layout-flow wp-block-column-is-layout-flow\">\n<p class=\"contactcard\"><strong>Frau Sarpong<\/strong><br>Sprechzeiten: <br>Mittwoch 13:00 &#8211; 14:00 Uhr<br><span class=\"wp-rich-text-font-awesome-icon wp-font-awesome-icon\"><svg aria-hidden=\"true\" focusable=\"false\" data-prefix=\"fas\" data-icon=\"envelope\" class=\"svg-inline--fa fa-envelope \" role=\"img\" xmlns=\"http:\/\/www.w3.org\/2000\/svg\" viewBox=\"0 0 512 512\"><path fill=\"currentColor\" d=\"M48 64C21.5 64 0 85.5 0 112c0 15.1 7.1 29.3 19.2 38.4L236.8 313.6c11.4 8.5 27 8.5 38.4 0L492.8 150.4c12.1-9.1 19.2-23.3 19.2-38.4c0-26.5-21.5-48-48-48L48 64zM0 176L0 384c0 35.3 28.7 64 64 64l384 0c35.3 0 64-28.7 64-64l0-208L294.4 339.2c-22.8 17.1-54 17.1-76.8 0L0 176z\"><\/path><\/svg><\/span> <a href=\"mailto:a.sarpong@gsbaenn.bildung-rp.de\">E-Mail<\/a><\/p>\n<\/div>\n<\/div>\n\n\n\n<div class=\"wp-block-columns nobottom nogap-xs is-layout-flex wp-container-core-columns-is-layout-2 wp-block-columns-is-layout-flex\">\n<div class=\"wp-block-column is-layout-flow wp-block-column-is-layout-flow\">\n<p class=\"contactcard\"><strong>Frau Bernhardt<\/strong><br>Sprechzeiten: <br>Mittwoch 13:00 &#8211; 14:00 Uhr<br><span class=\"wp-rich-text-font-awesome-icon wp-font-awesome-icon\"><svg aria-hidden=\"true\" focusable=\"false\" data-prefix=\"fas\" data-icon=\"envelope\" class=\"svg-inline--fa fa-envelope \" role=\"img\" xmlns=\"http:\/\/www.w3.org\/2000\/svg\" viewBox=\"0 0 512 512\"><path fill=\"currentColor\" d=\"M48 64C21.5 64 0 85.5 0 112c0 15.1 7.1 29.3 19.2 38.4L236.8 313.6c11.4 8.5 27 8.5 38.4 0L492.8 150.4c12.1-9.1 19.2-23.3 19.2-38.4c0-26.5-21.5-48-48-48L48 64zM0 176L0 384c0 35.3 28.7 64 64 64l384 0c35.3 0 64-28.7 64-64l0-208L294.4 339.2c-22.8 17.1-54 17.1-76.8 0L0 176z\"><\/path><\/svg><\/span> <a href=\"mailto:s.bernhardt@gsbaenn.bildung-rp.de\">E-Mail<\/a><\/p>\n<\/div>\n\n\n\n<div class=\"wp-block-column is-layout-flow wp-block-column-is-layout-flow\">\n<p class=\"contactcard\"><strong>Frau Weniton-Hessinger<\/strong><br>Sprechzeiten: <br>Montag 13:00 &#8211; 14:00 Uhr<br><span class=\"wp-rich-text-font-awesome-icon wp-font-awesome-icon\"><svg aria-hidden=\"true\" focusable=\"false\" data-prefix=\"fas\" data-icon=\"envelope\" class=\"svg-inline--fa fa-envelope \" role=\"img\" xmlns=\"http:\/\/www.w3.org\/2000\/svg\" viewBox=\"0 0 512 512\"><path fill=\"currentColor\" d=\"M48 64C21.5 64 0 85.5 0 112c0 15.1 7.1 29.3 19.2 38.4L236.8 313.6c11.4 8.5 27 8.5 38.4 0L492.8 150.4c12.1-9.1 19.2-23.3 19.2-38.4c0-26.5-21.5-48-48-48L48 64zM0 176L0 384c0 35.3 28.7 64 64 64l384 0c35.3 0 64-28.7 64-64l0-208L294.4 339.2c-22.8 17.1-54 17.1-76.8 0L0 176z\"><\/path><\/svg><\/span> <a href=\"mailto:j.weniton@gsbaenn.bildung-rp.de\">E-Mail<\/a><\/p>\n<\/div>\n<\/div>\n\n\n\n<div class=\"wp-block-columns nobottom nogap-xs is-layout-flex wp-container-core-columns-is-layout-3 wp-block-columns-is-layout-flex\">\n<div class=\"wp-block-column is-layout-flow wp-block-column-is-layout-flow\">\n<p class=\"contactcard\"><strong><strong>Frau Frambach<\/strong><\/strong><br>Sprechzeiten: <br>Dienstag 13:00 &#8211; 14:00 Uhr<strong><br><span class=\"wp-rich-text-font-awesome-icon wp-font-awesome-icon\"><svg aria-hidden=\"true\" focusable=\"false\" data-prefix=\"fas\" data-icon=\"envelope\" class=\"svg-inline--fa fa-envelope \" role=\"img\" xmlns=\"http:\/\/www.w3.org\/2000\/svg\" viewBox=\"0 0 512 512\"><path fill=\"currentColor\" d=\"M48 64C21.5 64 0 85.5 0 112c0 15.1 7.1 29.3 19.2 38.4L236.8 313.6c11.4 8.5 27 8.5 38.4 0L492.8 150.4c12.1-9.1 19.2-23.3 19.2-38.4c0-26.5-21.5-48-48-48L48 64zM0 176L0 384c0 35.3 28.7 64 64 64l384 0c35.3 0 64-28.7 64-64l0-208L294.4 339.2c-22.8 17.1-54 17.1-76.8 0L0 176z\"><\/path><\/svg><\/span> <\/strong><a href=\"mailto:c.frambach@gsbaenn.bildung-rp.de\">E-Mail<\/a><\/p>\n\n\n\n<p><\/p>\n\n\n\n<p><\/p>\n<\/div>\n\n\n\n<div class=\"wp-block-column is-layout-flow wp-block-column-is-layout-flow\">\n<p class=\"contactcard\"><strong><strong>Herr Puhlmann<\/strong><\/strong><br>Sprechzeiten: <br>Mittwoch 13:00 &#8211; 14:00 Uhr<strong><br><span class=\"wp-rich-text-font-awesome-icon wp-font-awesome-icon\"><svg aria-hidden=\"true\" focusable=\"false\" data-prefix=\"fas\" data-icon=\"envelope\" class=\"svg-inline--fa fa-envelope \" role=\"img\" xmlns=\"http:\/\/www.w3.org\/2000\/svg\" viewBox=\"0 0 512 512\"><path fill=\"currentColor\" d=\"M48 64C21.5 64 0 85.5 0 112c0 15.1 7.1 29.3 19.2 38.4L236.8 313.6c11.4 8.5 27 8.5 38.4 0L492.8 150.4c12.1-9.1 19.2-23.3 19.2-38.4c0-26.5-21.5-48-48-48L48 64zM0 176L0 384c0 35.3 28.7 64 64 64l384 0c35.3 0 64-28.7 64-64l0-208L294.4 339.2c-22.8 17.1-54 17.1-76.8 0L0 176z\"><\/path><\/svg><\/span> <\/strong><a href=\"mailto:825jonathan.puhlmann@gs-kus.semrlp.de\">E-Mail<\/a><br><\/p>\n<\/div>\n<\/div>\n\n\n\n<div style=\"height:45px\" aria-hidden=\"true\" class=\"wp-block-spacer\"><\/div>\n\n\n\n<figure class=\"wp-block-image size-large\"><img loading=\"lazy\" decoding=\"async\" width=\"1024\" height=\"681\" src=\"https:\/\/schulen-kl.de\/b%c3%a4nnjerr%c3%bcck\/wp-content\/uploads\/2020\/05\/Pausenhof2-1024x681.jpg\" alt=\"\" class=\"wp-image-169\" srcset=\"https:\/\/schulen-kl.de\/b%c3%a4nnjerr%c3%bcck\/wp-content\/uploads\/2020\/05\/Pausenhof2-1024x681.jpg 1024w, https:\/\/schulen-kl.de\/b%c3%a4nnjerr%c3%bcck\/wp-content\/uploads\/2020\/05\/Pausenhof2-300x199.jpg 300w, https:\/\/schulen-kl.de\/b%c3%a4nnjerr%c3%bcck\/wp-content\/uploads\/2020\/05\/Pausenhof2-768x511.jpg 768w, https:\/\/schulen-kl.de\/b%c3%a4nnjerr%c3%bcck\/wp-content\/uploads\/2020\/05\/Pausenhof2-1536x1021.jpg 1536w, https:\/\/schulen-kl.de\/b%c3%a4nnjerr%c3%bcck\/wp-content\/uploads\/2020\/05\/Pausenhof2-2048x1362.jpg 2048w\" sizes=\"auto, (max-width: 1024px) 100vw, 1024px\" \/><\/figure>\n","protected":false},"excerpt":{"rendered":"<p>Frau Sch\u00f6ne ist seit dem 01.02.2025, Schulleiterin an der B\u00e4nnjerr\u00fcck Grundschule in Kaiserslautern. Gespr\u00e4che erfolgen nur mit Voranmeldung! Kollegium Unser &hellip; <\/p>\n","protected":false},"author":1,"featured_media":0,"parent":0,"menu_order":0,"comment_status":"closed","ping_status":"closed","template":"","meta":{"footnotes":""},"class_list":["post-25","page","type-page","status-publish","hentry"],"_links":{"self":[{"href":"https:\/\/schulen-kl.de\/b%c3%a4nnjerr%c3%bcck\/wp-json\/wp\/v2\/pages\/25","targetHints":{"allow":["GET"]}}],"collection":[{"href":"https:\/\/schulen-kl.de\/b%c3%a4nnjerr%c3%bcck\/wp-json\/wp\/v2\/pages"}],"about":[{"href":"https:\/\/schulen-kl.de\/b%c3%a4nnjerr%c3%bcck\/wp-json\/wp\/v2\/types\/page"}],"author":[{"embeddable":true,"href":"https:\/\/schulen-kl.de\/b%c3%a4nnjerr%c3%bcck\/wp-json\/wp\/v2\/users\/1"}],"replies":[{"embeddable":true,"href":"https:\/\/schulen-kl.de\/b%c3%a4nnjerr%c3%bcck\/wp-json\/wp\/v2\/comments?post=25"}],"version-history":[{"count":40,"href":"https:\/\/schulen-kl.de\/b%c3%a4nnjerr%c3%bcck\/wp-json\/wp\/v2\/pages\/25\/revisions"}],"predecessor-version":[{"id":864,"href":"https:\/\/schulen-kl.de\/b%c3%a4nnjerr%c3%bcck\/wp-json\/wp\/v2\/pages\/25\/revisions\/864"}],"wp:attachment":[{"href":"https:\/\/schulen-kl.de\/b%c3%a4nnjerr%c3%bcck\/wp-json\/wp\/v2\/media?parent=25"}],"curies":[{"name":"wp","href":"https:\/\/api.w.org\/{rel}","templated":true}]}}