{"id":20,"date":"2020-05-01T13:46:03","date_gmt":"2020-05-01T11:46:03","guid":{"rendered":"https:\/\/schulen-kl.de\/b%c3%a4nnjerr%c3%bcck\/?page_id=20"},"modified":"2025-08-24T11:01:56","modified_gmt":"2025-08-24T09:01:56","slug":"willkommen","status":"publish","type":"page","link":"https:\/\/schulen-kl.de\/b%c3%a4nnjerr%c3%bcck\/","title":{"rendered":"Willkommen"},"content":{"rendered":"\n<p><br>In unserer kleinen Grundschule arbeiten wir mit alten und neuen Medien. Wir legen Wert auf eine gute Zusammenarbeit mit allen Beteiligten in famili\u00e4rem Flair, weil uns jeder Einzelne wichtig ist.<\/p>\n\n\n\n<p>Die Kinder d\u00fcrfen \u00fcber den Schulhof der Schillerschule kommen, Zutritt der Eltern nur \u00fcber die Merseburger Stra\u00dfe. Das &#8222;Tor&#8220; an der Halleschen Stra\u00dfe wurde von der Stadt Kaiserslautern geschlossen.<\/p>\n\n\n\n<p>Der sichere Schulweg f\u00fchrt \u00fcber den unteren Zebrastreifen (an der Fritz-Walter-Schule) und das Tor in der Merseburger Stra\u00dfe. <\/p>\n\n\n\n<figure class=\"wp-block-image size-large\"><img loading=\"lazy\" decoding=\"async\" width=\"1024\" height=\"681\" src=\"https:\/\/schulen-kl.de\/b%c3%a4nnjerr%c3%bcck\/wp-content\/uploads\/2020\/05\/Schulhaus-1024x681.jpg\" alt=\"\" class=\"wp-image-174\" srcset=\"https:\/\/schulen-kl.de\/b%c3%a4nnjerr%c3%bcck\/wp-content\/uploads\/2020\/05\/Schulhaus-1024x681.jpg 1024w, https:\/\/schulen-kl.de\/b%c3%a4nnjerr%c3%bcck\/wp-content\/uploads\/2020\/05\/Schulhaus-300x199.jpg 300w, https:\/\/schulen-kl.de\/b%c3%a4nnjerr%c3%bcck\/wp-content\/uploads\/2020\/05\/Schulhaus-768x511.jpg 768w, https:\/\/schulen-kl.de\/b%c3%a4nnjerr%c3%bcck\/wp-content\/uploads\/2020\/05\/Schulhaus-1536x1021.jpg 1536w, https:\/\/schulen-kl.de\/b%c3%a4nnjerr%c3%bcck\/wp-content\/uploads\/2020\/05\/Schulhaus-2048x1362.jpg 2048w\" sizes=\"auto, (max-width: 1024px) 100vw, 1024px\" \/><figcaption class=\"wp-element-caption\">Im Vordergrund der Nebeneingang an der Mensa, ganz hinten: der Haupteingang<\/figcaption><\/figure>\n\n\n\n<figure class=\"wp-block-image size-large\"><img loading=\"lazy\" decoding=\"async\" width=\"1024\" height=\"510\" src=\"https:\/\/schulen-kl.de\/b%c3%a4nnjerr%c3%bcck\/wp-content\/uploads\/2025\/01\/185_19_logo_digitalpakt_schule_02-1024x510.jpg\" alt=\"\" class=\"wp-image-608\" srcset=\"https:\/\/schulen-kl.de\/b%c3%a4nnjerr%c3%bcck\/wp-content\/uploads\/2025\/01\/185_19_logo_digitalpakt_schule_02-1024x510.jpg 1024w, https:\/\/schulen-kl.de\/b%c3%a4nnjerr%c3%bcck\/wp-content\/uploads\/2025\/01\/185_19_logo_digitalpakt_schule_02-300x149.jpg 300w, https:\/\/schulen-kl.de\/b%c3%a4nnjerr%c3%bcck\/wp-content\/uploads\/2025\/01\/185_19_logo_digitalpakt_schule_02-768x382.jpg 768w, https:\/\/schulen-kl.de\/b%c3%a4nnjerr%c3%bcck\/wp-content\/uploads\/2025\/01\/185_19_logo_digitalpakt_schule_02.jpg 1466w\" sizes=\"auto, (max-width: 1024px) 100vw, 1024px\" \/><\/figure>\n\n\n","protected":false},"excerpt":{"rendered":"<p>In unserer kleinen Grundschule arbeiten wir mit alten und neuen Medien. Wir legen Wert auf eine gute Zusammenarbeit mit allen &hellip; <\/p>\n","protected":false},"author":1,"featured_media":0,"parent":0,"menu_order":0,"comment_status":"closed","ping_status":"closed","template":"","meta":{"footnotes":""},"class_list":["post-20","page","type-page","status-publish","hentry"],"_links":{"self":[{"href":"https:\/\/schulen-kl.de\/b%c3%a4nnjerr%c3%bcck\/wp-json\/wp\/v2\/pages\/20","targetHints":{"allow":["GET"]}}],"collection":[{"href":"https:\/\/schulen-kl.de\/b%c3%a4nnjerr%c3%bcck\/wp-json\/wp\/v2\/pages"}],"about":[{"href":"https:\/\/schulen-kl.de\/b%c3%a4nnjerr%c3%bcck\/wp-json\/wp\/v2\/types\/page"}],"author":[{"embeddable":true,"href":"https:\/\/schulen-kl.de\/b%c3%a4nnjerr%c3%bcck\/wp-json\/wp\/v2\/users\/1"}],"replies":[{"embeddable":true,"href":"https:\/\/schulen-kl.de\/b%c3%a4nnjerr%c3%bcck\/wp-json\/wp\/v2\/comments?post=20"}],"version-history":[{"count":32,"href":"https:\/\/schulen-kl.de\/b%c3%a4nnjerr%c3%bcck\/wp-json\/wp\/v2\/pages\/20\/revisions"}],"predecessor-version":[{"id":857,"href":"https:\/\/schulen-kl.de\/b%c3%a4nnjerr%c3%bcck\/wp-json\/wp\/v2\/pages\/20\/revisions\/857"}],"wp:attachment":[{"href":"https:\/\/schulen-kl.de\/b%c3%a4nnjerr%c3%bcck\/wp-json\/wp\/v2\/media?parent=20"}],"curies":[{"name":"wp","href":"https:\/\/api.w.org\/{rel}","templated":true}]}}