{"id":109,"date":"2020-05-14T15:49:32","date_gmt":"2020-05-14T13:49:32","guid":{"rendered":"https:\/\/schulen-kl.de\/b%c3%a4nnjerr%c3%bcck\/?page_id=109"},"modified":"2026-02-10T07:10:12","modified_gmt":"2026-02-10T06:10:12","slug":"foerderverein","status":"publish","type":"page","link":"https:\/\/schulen-kl.de\/b%c3%a4nnjerr%c3%bcck\/foerderverein\/","title":{"rendered":"F\u00f6rderverein"},"content":{"rendered":"\n<p>Der F\u00f6rderverein versucht all das m\u00f6glich zu machen, was unser Budget der Schule nicht zul\u00e4sst. Zudem nutzt er verschiedenste Gelegenheiten, um die Eltern finanziell zu entlasten, sowie unseren Sch\u00fclerinnen und Sch\u00fclern besondere Erlebnisse anzubieten. Der F\u00f6rderverein finanziert sich durch Mitgliedsbeitr\u00e4ge, Spenden und Einnahmen bei Festen.<\/p>\n\n\n\n<p><strong>Vorstand:<\/strong><\/p>\n\n\n\n<p><strong>Vorsitzender:<\/strong> Herr Dengel<\/p>\n\n\n\n<p><strong>2. Vorsitzende:<\/strong> Frau Horak-Hochreiter<\/p>\n\n\n\n<p><strong>Kassenwart: <\/strong>Herr Diermayr<\/p>\n\n\n\n<p><strong>Beisitzerin:<\/strong> Frau Andrea Sarpong<\/p>\n\n\n\n<figure class=\"wp-block-image size-large\"><img loading=\"lazy\" decoding=\"async\" width=\"1024\" height=\"681\" src=\"https:\/\/schulen-kl.de\/b%c3%a4nnjerr%c3%bcck\/wp-content\/uploads\/2020\/05\/Spielwiese4-1024x681.jpg\" alt=\"\" class=\"wp-image-178\" srcset=\"https:\/\/schulen-kl.de\/b%c3%a4nnjerr%c3%bcck\/wp-content\/uploads\/2020\/05\/Spielwiese4-1024x681.jpg 1024w, https:\/\/schulen-kl.de\/b%c3%a4nnjerr%c3%bcck\/wp-content\/uploads\/2020\/05\/Spielwiese4-300x199.jpg 300w, https:\/\/schulen-kl.de\/b%c3%a4nnjerr%c3%bcck\/wp-content\/uploads\/2020\/05\/Spielwiese4-768x511.jpg 768w, https:\/\/schulen-kl.de\/b%c3%a4nnjerr%c3%bcck\/wp-content\/uploads\/2020\/05\/Spielwiese4-1536x1021.jpg 1536w, https:\/\/schulen-kl.de\/b%c3%a4nnjerr%c3%bcck\/wp-content\/uploads\/2020\/05\/Spielwiese4-2048x1362.jpg 2048w\" sizes=\"auto, (max-width: 1024px) 100vw, 1024px\" \/><\/figure>\n","protected":false},"excerpt":{"rendered":"<p>Der F\u00f6rderverein versucht all das m\u00f6glich zu machen, was unser Budget der Schule nicht zul\u00e4sst. Zudem nutzt er verschiedenste Gelegenheiten, &hellip; <\/p>\n","protected":false},"author":1,"featured_media":0,"parent":0,"menu_order":0,"comment_status":"closed","ping_status":"closed","template":"","meta":{"footnotes":""},"class_list":["post-109","page","type-page","status-publish","hentry"],"_links":{"self":[{"href":"https:\/\/schulen-kl.de\/b%c3%a4nnjerr%c3%bcck\/wp-json\/wp\/v2\/pages\/109","targetHints":{"allow":["GET"]}}],"collection":[{"href":"https:\/\/schulen-kl.de\/b%c3%a4nnjerr%c3%bcck\/wp-json\/wp\/v2\/pages"}],"about":[{"href":"https:\/\/schulen-kl.de\/b%c3%a4nnjerr%c3%bcck\/wp-json\/wp\/v2\/types\/page"}],"author":[{"embeddable":true,"href":"https:\/\/schulen-kl.de\/b%c3%a4nnjerr%c3%bcck\/wp-json\/wp\/v2\/users\/1"}],"replies":[{"embeddable":true,"href":"https:\/\/schulen-kl.de\/b%c3%a4nnjerr%c3%bcck\/wp-json\/wp\/v2\/comments?post=109"}],"version-history":[{"count":11,"href":"https:\/\/schulen-kl.de\/b%c3%a4nnjerr%c3%bcck\/wp-json\/wp\/v2\/pages\/109\/revisions"}],"predecessor-version":[{"id":909,"href":"https:\/\/schulen-kl.de\/b%c3%a4nnjerr%c3%bcck\/wp-json\/wp\/v2\/pages\/109\/revisions\/909"}],"wp:attachment":[{"href":"https:\/\/schulen-kl.de\/b%c3%a4nnjerr%c3%bcck\/wp-json\/wp\/v2\/media?parent=109"}],"curies":[{"name":"wp","href":"https:\/\/api.w.org\/{rel}","templated":true}]}}